{"id":760,"date":"2013-07-12T17:03:54","date_gmt":"2013-07-12T17:03:54","guid":{"rendered":"https:\/\/www.alberguecasapeltre.es\/nosotros\/"},"modified":"2023-02-07T21:33:05","modified_gmt":"2023-02-07T21:33:05","slug":"nosotros","status":"publish","type":"page","link":"https:\/\/www.alberguecasapeltre.es\/fr\/nosotros\/","title":{"rendered":"Nous"},"content":{"rendered":"<p>Bonjour, nous sommes Manuel et Mar\u00eda et nous avons ouvert les portes de l\u2019auberge Casa Peltre en septembre 2010. En tant qu\u2019habitants de Sarria, nous sommes n\u00e9s avec l\u2019esprit du Chemin de St.-Jacques dans les veines et nous avons pris la d\u00e9cision de faire notre apport avec beaucoup d\u2019illusion en pensant aux p\u00e8lerins et \u00e0 leur confort et besoins comme premi\u00e8re priorit\u00e9.<br \/>\n\u00c0 l\u2019auberge Casa Peltre nous ferons tout notre possible pour vous offrir une ambiance familiale et de confiance. Nous sommes pr\u00eats \u00e0 resoudre vos doutes et \u00e0 vous aider par tous les moyens \u00e0 faire votre s\u00e9jour le plus confortable possible.<br \/>\nEn outre, nous sommes constamment \u00e0 la recherche de l\u2019am\u00e9lioration de notre service, et c\u2019est pourquoi il nous plaira \u00e9couter vos suggestions avant, pendant et apr\u00e8s votre visite.<br \/>\nMerci beaucoup.<br \/>\nContactez-nous.<\/p>\n","protected":false},"excerpt":{"rendered":"<p>Bonjour, nous sommes Manuel et Mar\u00eda et nous avons ouvert les portes de l\u2019auberge Casa Peltre en septembre 2010. En tant qu\u2019habitants de Sarria, nous sommes n\u00e9s avec l\u2019esprit du Chemin de St.-Jacques dans les veines et nous avons pris la d\u00e9cision de faire notre apport avec beaucoup d\u2019illusion en pensant aux p\u00e8lerins et \u00e0 [&#8230;]\n","protected":false},"author":1,"featured_media":713,"parent":0,"menu_order":0,"comment_status":"closed","ping_status":"closed","template":"","meta":{"footnotes":""},"_links":{"self":[{"href":"https:\/\/www.alberguecasapeltre.es\/fr\/wp-json\/wp\/v2\/pages\/760"}],"collection":[{"href":"https:\/\/www.alberguecasapeltre.es\/fr\/wp-json\/wp\/v2\/pages"}],"about":[{"href":"https:\/\/www.alberguecasapeltre.es\/fr\/wp-json\/wp\/v2\/types\/page"}],"author":[{"embeddable":true,"href":"https:\/\/www.alberguecasapeltre.es\/fr\/wp-json\/wp\/v2\/users\/1"}],"replies":[{"embeddable":true,"href":"https:\/\/www.alberguecasapeltre.es\/fr\/wp-json\/wp\/v2\/comments?post=760"}],"version-history":[{"count":0,"href":"https:\/\/www.alberguecasapeltre.es\/fr\/wp-json\/wp\/v2\/pages\/760\/revisions"}],"wp:featuredmedia":[{"embeddable":true,"href":"https:\/\/www.alberguecasapeltre.es\/fr\/wp-json\/wp\/v2\/media\/713"}],"wp:attachment":[{"href":"https:\/\/www.alberguecasapeltre.es\/fr\/wp-json\/wp\/v2\/media?parent=760"}],"curies":[{"name":"wp","href":"https:\/\/api.w.org\/{rel}","templated":true}]}}