{"id":742,"date":"2013-08-21T18:39:24","date_gmt":"2013-08-21T18:39:24","guid":{"rendered":"https:\/\/www.alberguecasapeltre.es\/albergue\/"},"modified":"2026-01-07T23:15:34","modified_gmt":"2026-01-07T23:15:34","slug":"albergue","status":"publish","type":"page","link":"https:\/\/www.alberguecasapeltre.es\/fr\/albergue\/","title":{"rendered":"Nos services"},"content":{"rendered":"<p>L\u2019auberge Casa Peltre peut loger 22 personnes distribu\u00e9es en trois chambres: une grande \u00e0 14 places en lits superpos\u00e9s et deux autres \u00e0 4 places chacune. L\u2019auberge dispose aussi de deux spacieuses salles de bain.<\/p>\n<p><strong>Installations<\/strong><\/p>\n<ul>\n<li>Cuisine de 80 m<sup>2<\/sup> compl\u00e8tement \u00e9quip\u00e9e, munie de tous les outils et les appareils m\u00e9nagers indispensables, y compris le four \u00e0 micro-ondes.<\/li>\n<li>200 m<sup>2<\/sup> de jardin avec buanderie et s\u00e9choir.<\/li>\n<li>Jardin avec tonnelle, terrasse et espace \u00e0 chaises longues.<\/li>\n<li>Parking v\u00e9lo.<\/li>\n<li>Espace d\u2019acc\u00e8s \u00e0 internet, ordinateur et wi-fi gratuit.<\/li>\n<\/ul>\n<p><strong>D\u2019autres services<\/strong><\/p>\n<ul>\n<li>Blanchisserie: oui<\/li>\n<li>S\u00e9choir: oui<\/li>\n<li>Chauffage: oui<\/li>\n<li>R\u00e9frigerateur: oui<\/li>\n<li>Eau chaude: oui<\/li>\n<li>Douches: 3<\/li>\n<li>Lavabos: oui<\/li>\n<li>Armoire \u00e0 pharmacie: oui<\/li>\n<li>Distributeur de caf\u00e9: oui<\/li>\n<li>Ordinateur, wi-fi et internet gratuit<\/li>\n<li>R\u00e9seau portable: oui<\/li>\n<li>Prises de courant pour recharger des batteries: oui<\/li>\n<li>Machine \u00e0 laver et essoreuse: oui, payant<\/li>\n<li>Animaux de compagnie: interdits.<\/li>\n<\/ul>\n<p><strong>Dans les alentours<\/strong><\/p>\n<ul>\n<li style=\"list-style-type: none;\">\n<ul>\n<li>Renseignements pour les p\u00e8lerins: oui<\/li>\n<li>Plage fluviale: oui<\/li>\n<li>Piscines publiques: oui<\/li>\n<li>T\u00e9l\u00e9phones publics: oui<\/li>\n<li>Distributeurs automatiques de billets: oui<\/li>\n<li>Services m\u00e9dicaux: oui<\/li>\n<li>Pharmacies: oui<\/li>\n<li>Supermarch\u00e9s: oui<\/li>\n<\/ul>\n<\/li>\n<\/ul>\n<p>Boucheries: oui<\/p>\n<ul>\n<li>Boulangeries: oui<\/li>\n<li>Caf\u00e9s, restaurants: oui<\/li>\n<\/ul>\n<p><strong>Situation<\/strong><\/p>\n<p>L\u2019 auberge Casa Peltre a des \u00e9quipements nouveaux et adapt\u00e9s au bien-\u00eatre de ses h\u00f4tes, et en plus il se trouve dans une excellente situation, au pied du centenaire Escalier Maior \u00e0 Sarria, \u00e0 seulement 100 m\u00e8tres du Malecon, promenade au bord de la rivi\u00e8re, et \u00e0 200 m\u00e8tres de O Chanto, espace de loisir avec des restaurants, une plage fluviale et des piscines publiques. D\u2019autre part, il est tr\u00e8s proche des supermarch\u00e9s, des pharmacies, des t\u00e9l\u00e9phones publics et juste \u00e0 c\u00f4t\u00e9 de la Peregrinoteca, un magazin consacr\u00e9 aux p\u00e8lerins.<\/p>\n<p><strong>Prix<\/strong><\/p>\n<p>Payant seulement 13 euros la nuit, nos h\u00f4tes peuvent profiter d\u2019un espace nature o\u00f9 ils peuvent jouir du soleil, soit dans le jardin soit dans les balcons qui donnent sur le jardin, se reposer et rendre encore plus magique, si cela est possible, cette exp\u00e9rience de vivre et de parcourir le Chemin de St.-Jacques.<\/p>\n","protected":false},"excerpt":{"rendered":"<p>L\u2019auberge Casa Peltre peut loger 22 personnes distribu\u00e9es en trois chambres: une grande \u00e0 14 places en lits superpos\u00e9s et deux autres \u00e0 4 places chacune. L\u2019auberge dispose aussi de deux spacieuses salles de bain. Installations Cuisine de 80 m2 compl\u00e8tement \u00e9quip\u00e9e, munie de tous les outils et les appareils m\u00e9nagers indispensables, y compris le [&#8230;]\n","protected":false},"author":1,"featured_media":631,"parent":0,"menu_order":0,"comment_status":"closed","ping_status":"closed","template":"","meta":{"footnotes":""},"_links":{"self":[{"href":"https:\/\/www.alberguecasapeltre.es\/fr\/wp-json\/wp\/v2\/pages\/742"}],"collection":[{"href":"https:\/\/www.alberguecasapeltre.es\/fr\/wp-json\/wp\/v2\/pages"}],"about":[{"href":"https:\/\/www.alberguecasapeltre.es\/fr\/wp-json\/wp\/v2\/types\/page"}],"author":[{"embeddable":true,"href":"https:\/\/www.alberguecasapeltre.es\/fr\/wp-json\/wp\/v2\/users\/1"}],"replies":[{"embeddable":true,"href":"https:\/\/www.alberguecasapeltre.es\/fr\/wp-json\/wp\/v2\/comments?post=742"}],"version-history":[{"count":1,"href":"https:\/\/www.alberguecasapeltre.es\/fr\/wp-json\/wp\/v2\/pages\/742\/revisions"}],"predecessor-version":[{"id":917,"href":"https:\/\/www.alberguecasapeltre.es\/fr\/wp-json\/wp\/v2\/pages\/742\/revisions\/917"}],"wp:featuredmedia":[{"embeddable":true,"href":"https:\/\/www.alberguecasapeltre.es\/fr\/wp-json\/wp\/v2\/media\/631"}],"wp:attachment":[{"href":"https:\/\/www.alberguecasapeltre.es\/fr\/wp-json\/wp\/v2\/media?parent=742"}],"curies":[{"name":"wp","href":"https:\/\/api.w.org\/{rel}","templated":true}]}}