{"id":731,"date":"2013-09-23T17:19:10","date_gmt":"2013-09-23T17:19:10","guid":{"rendered":"https:\/\/www.alberguecasapeltre.es\/home\/"},"modified":"2023-02-07T21:08:05","modified_gmt":"2023-02-07T21:08:05","slug":"home","status":"publish","type":"page","link":"https:\/\/www.alberguecasapeltre.es\/fr\/","title":{"rendered":"Bienvenue \u00e0 l\u2019auberge Casa Peltre \u00e0 Sarria"},"content":{"rendered":"\t<section class=\"section dark\" id=\"section_1394754246\">\n\t\t<div class=\"bg section-bg fill bg-fill bg-loaded bg-loaded\" >\n\n\t\t\t\n\t\t\t\n\t\t\t\n\n\t\t<\/div>\n\n\t\t\n\n\t\t<div class=\"section-content relative\">\n\t\t\t\n<div class=\"row row-collapse row-full-width align-middle align-center\"  id=\"row-1152478964\">\n\n\t<div id=\"col-226259410\" class=\"col small-12 large-12\"  >\n\t\t\t\t<div class=\"col-inner\"  >\n\t\t\t\n\t\t\t\n<div class=\"slider-wrapper relative\" id=\"slider-361003042\" style=\"background-color:rgb(0,0,0);\">\n    <div class=\"slider slider-type-fade slider-nav-reveal slider-nav-normal slider-nav-light slider-nav-outside slider-style-normal\"\n        data-flickity-options='{\n            \"cellAlign\": \"center\",\n            \"imagesLoaded\": true,\n            \"lazyLoad\": 1,\n            \"freeScroll\": false,\n            \"wrapAround\": true,\n            \"autoPlay\": 2000,\n            \"pauseAutoPlayOnHover\" : false,\n            \"prevNextButtons\": true,\n            \"contain\" : true,\n            \"adaptiveHeight\" : true,\n            \"dragThreshold\" : 10,\n            \"percentPosition\": true,\n            \"pageDots\": false,\n            \"rightToLeft\": false,\n            \"draggable\": true,\n            \"selectedAttraction\": 0.1,\n            \"parallax\" : 0,\n            \"friction\": 0.6        }'\n        >\n        \n\t<div class=\"img has-hover x md-x lg-x y md-y lg-y\" id=\"image_1301118603\">\n\t\t\t\t\t\t\t\t<div class=\"img-inner image-cover dark\" style=\"padding-top:56.25%;\">\n\t\t\t<img decoding=\"async\" width=\"3888\" height=\"2077\" src=\"https:\/\/www.alberguecasapeltre.es\/wp-content\/uploads\/2014\/02\/albergue-casa-peltre-sarria-espacios-90.jpg\" class=\"attachment-original size-original\" alt=\"\" srcset=\"https:\/\/www.alberguecasapeltre.es\/wp-content\/uploads\/2014\/02\/albergue-casa-peltre-sarria-espacios-90.jpg 3888w, https:\/\/www.alberguecasapeltre.es\/wp-content\/uploads\/2014\/02\/albergue-casa-peltre-sarria-espacios-90-300x160.jpg 300w, https:\/\/www.alberguecasapeltre.es\/wp-content\/uploads\/2014\/02\/albergue-casa-peltre-sarria-espacios-90-1024x547.jpg 1024w\" sizes=\"(max-width: 3888px) 100vw, 3888px\" \/>\t\t\t\t\t\t\n\t\t\t\t\t<\/div>\n\t\t\t\t\t\t\t\t\n<style>\n#image_1301118603 {\n  width: 100%;\n}\n<\/style>\n\t<\/div>\n\t\n\t<div class=\"img has-hover x md-x lg-x y md-y lg-y\" id=\"image_1469881208\">\n\t\t\t\t\t\t\t\t<div class=\"img-inner image-cover dark\" style=\"padding-top:56.25%;\">\n\t\t\t<img decoding=\"async\" width=\"3674\" height=\"1971\" src=\"https:\/\/www.alberguecasapeltre.es\/wp-content\/uploads\/2014\/02\/albergue-casa-peltre-sarria-interiores-607.jpg\" class=\"attachment-original size-original\" alt=\"\" srcset=\"https:\/\/www.alberguecasapeltre.es\/wp-content\/uploads\/2014\/02\/albergue-casa-peltre-sarria-interiores-607.jpg 3674w, https:\/\/www.alberguecasapeltre.es\/wp-content\/uploads\/2014\/02\/albergue-casa-peltre-sarria-interiores-607-300x160.jpg 300w, https:\/\/www.alberguecasapeltre.es\/wp-content\/uploads\/2014\/02\/albergue-casa-peltre-sarria-interiores-607-1024x549.jpg 1024w\" sizes=\"(max-width: 3674px) 100vw, 3674px\" \/>\t\t\t\t\t\t\n\t\t\t\t\t<\/div>\n\t\t\t\t\t\t\t\t\n<style>\n#image_1469881208 {\n  width: 100%;\n}\n<\/style>\n\t<\/div>\n\t\n\t<div class=\"img has-hover x md-x lg-x y md-y lg-y\" id=\"image_2078343186\">\n\t\t\t\t\t\t\t\t<div class=\"img-inner image-cover dark\" style=\"padding-top:56.25%;\">\n\t\t\t<img decoding=\"async\" width=\"1650\" height=\"1145\" src=\"https:\/\/www.alberguecasapeltre.es\/wp-content\/uploads\/2014\/02\/panoramica-albergue-casa-peltre-sarria.jpg\" class=\"attachment-original size-original\" alt=\"\" srcset=\"https:\/\/www.alberguecasapeltre.es\/wp-content\/uploads\/2014\/02\/panoramica-albergue-casa-peltre-sarria.jpg 1650w, https:\/\/www.alberguecasapeltre.es\/wp-content\/uploads\/2014\/02\/panoramica-albergue-casa-peltre-sarria-300x208.jpg 300w, https:\/\/www.alberguecasapeltre.es\/wp-content\/uploads\/2014\/02\/panoramica-albergue-casa-peltre-sarria-1024x710.jpg 1024w\" sizes=\"(max-width: 1650px) 100vw, 1650px\" \/>\t\t\t\t\t\t\n\t\t\t\t\t<\/div>\n\t\t\t\t\t\t\t\t\n<style>\n#image_2078343186 {\n  width: 100%;\n}\n<\/style>\n\t<\/div>\n\t\n\t<div class=\"img has-hover x md-x lg-x y md-y lg-y\" id=\"image_200715462\">\n\t\t\t\t\t\t\t\t<div class=\"img-inner image-cover dark\" style=\"padding-top:56.25%;\">\n\t\t\t<img decoding=\"async\" width=\"1600\" height=\"1067\" src=\"https:\/\/www.alberguecasapeltre.es\/wp-content\/uploads\/2013\/09\/jardin-trasero-albergue-casa-peltre-sarria.jpg\" class=\"attachment-original size-original\" alt=\"\" srcset=\"https:\/\/www.alberguecasapeltre.es\/wp-content\/uploads\/2013\/09\/jardin-trasero-albergue-casa-peltre-sarria.jpg 1600w, https:\/\/www.alberguecasapeltre.es\/wp-content\/uploads\/2013\/09\/jardin-trasero-albergue-casa-peltre-sarria-300x200.jpg 300w, https:\/\/www.alberguecasapeltre.es\/wp-content\/uploads\/2013\/09\/jardin-trasero-albergue-casa-peltre-sarria-1024x682.jpg 1024w\" sizes=\"(max-width: 1600px) 100vw, 1600px\" \/>\t\t\t\t\t\t\n\t\t\t\t\t<\/div>\n\t\t\t\t\t\t\t\t\n<style>\n#image_200715462 {\n  width: 100%;\n}\n<\/style>\n\t<\/div>\n\t\n     <\/div>\n\n     <div class=\"loading-spin dark large centered\"><\/div>\n\n     \t<\/div>\n\n\n\t\t<\/div>\n\t\t\t\t\t<\/div>\n\n\t\n<\/div>\n\t\t<\/div>\n\n\t\t\n<style>\n#section_1394754246 {\n  padding-top: 30px;\n  padding-bottom: 30px;\n  background-color: rgb(0,0,0);\n}\n#section_1394754246 .ux-shape-divider--top svg {\n  height: 150px;\n  --divider-top-width: 100%;\n}\n#section_1394754246 .ux-shape-divider--bottom svg {\n  height: 150px;\n  --divider-width: 100%;\n}\n<\/style>\n\t<\/section>\n\t\n<p><!--:fr-->L\u2019auberge Casa Peltre se trouve au coeur du Chemin de Saint-Jacques de Compostelle dans la ville de Sarria, au pied du centenaire Escalier Majeur ou Escalier de la Fontaine (Escalinata Maior ou Escalinata da Fonte) en plein vieux quartier, tr\u00e8s proche aussi des principaux espaces de loisir et de la plage fluviale.<br \/>Am\u00e9nag\u00e9e en 2010, elle offre tous les services dont un p\u00e8lerin puisse avoir besoin: de la cuisine compl\u00e8tement \u00e9quip\u00e9e \u00e0 la blanchisserie et au reposant jardin pour se d\u00e9tendre sur des confortables chaises longues, tout cela \u00e0 la disposition des 22 h\u00f4tes distribu\u00e9s dans les trois chambres de l\u2019auberge.<\/p>\n<div id=\"TA_selfserveprop289\" class=\"TA_selfserveprop\">\n<ul id=\"BCNUVYK\" class=\"TA_links g55pw7R\">\n<li id=\"JPFnkYfV78\" class=\"rPTvFeQf0x\"><a href=\"https:\/\/www.tripadvisor.fr\/\" target=\"_blank\" rel=\"noopener\"><img decoding=\"async\" src=\"https:\/\/www.tripadvisor.fr\/img\/cdsi\/img2\/branding\/150_logo-11900-2.png\" alt=\"TripAdvisor\" \/><\/a><\/li>\n<\/ul>\n<\/div>\n","protected":false},"excerpt":{"rendered":"<p>L\u2019auberge Casa Peltre se trouve au coeur du Chemin de Saint-Jacques de Compostelle dans la ville de Sarria, au pied du centenaire Escalier Majeur ou Escalier de la Fontaine (Escalinata Maior ou Escalinata da Fonte) en plein vieux quartier, tr\u00e8s proche aussi des principaux espaces de loisir et de la plage fluviale.Am\u00e9nag\u00e9e en 2010, elle [&#8230;]\n","protected":false},"author":1,"featured_media":0,"parent":0,"menu_order":0,"comment_status":"closed","ping_status":"closed","template":"","meta":{"footnotes":""},"_links":{"self":[{"href":"https:\/\/www.alberguecasapeltre.es\/fr\/wp-json\/wp\/v2\/pages\/731"}],"collection":[{"href":"https:\/\/www.alberguecasapeltre.es\/fr\/wp-json\/wp\/v2\/pages"}],"about":[{"href":"https:\/\/www.alberguecasapeltre.es\/fr\/wp-json\/wp\/v2\/types\/page"}],"author":[{"embeddable":true,"href":"https:\/\/www.alberguecasapeltre.es\/fr\/wp-json\/wp\/v2\/users\/1"}],"replies":[{"embeddable":true,"href":"https:\/\/www.alberguecasapeltre.es\/fr\/wp-json\/wp\/v2\/comments?post=731"}],"version-history":[{"count":0,"href":"https:\/\/www.alberguecasapeltre.es\/fr\/wp-json\/wp\/v2\/pages\/731\/revisions"}],"wp:attachment":[{"href":"https:\/\/www.alberguecasapeltre.es\/fr\/wp-json\/wp\/v2\/media?parent=731"}],"curies":[{"name":"wp","href":"https:\/\/api.w.org\/{rel}","templated":true}]}}